{"id":2115,"date":"2025-02-13T14:37:57","date_gmt":"2025-02-13T14:37:57","guid":{"rendered":"https:\/\/easyprofittrading.com\/affiliate-signup\/"},"modified":"2025-08-26T07:18:54","modified_gmt":"2025-08-26T07:18:54","slug":"affiliate-signup","status":"publish","type":"page","link":"https:\/\/easyprofittrading.com\/ro\/affiliate-signup\/","title":{"rendered":"\u00cenregistrare afiliat"},"content":{"rendered":"<div data-elementor-type=\"wp-page\" data-elementor-id=\"2115\" class=\"elementor elementor-2115\" data-elementor-post-type=\"page\">\n\t\t\t\t<div class=\"elementor-element elementor-element-3ab712f3 e-flex e-con-boxed e-con e-parent\" data-id=\"3ab712f3\" data-element_type=\"container\" data-e-type=\"container\">\n\t\t\t\t\t<div class=\"e-con-inner\">\n\t\t\t\t<div class=\"elementor-element elementor-element-5a3ea64f elementor-widget elementor-widget-text-editor\" data-id=\"5a3ea64f\" data-element_type=\"widget\" data-e-type=\"widget\" data-widget_type=\"text-editor.default\">\n\t\t\t\t<div class=\"elementor-widget-container\">\n\t\t\t\t\t\t\t\t\t\n<p>\u00a0<\/p>\n\t\t\t\t\t\t\t\t<\/div>\n\t\t\t\t<\/div>\n\t\t\t\t\t<\/div>\n\t\t\t\t<\/div>\n\t\t\t\t<\/div>\n\t\t\n<div class=\"esaf esaf-signup\">\n\n  <form class=\"esaf-form esaf-signup-form\" name=\"wafp_registerform\" id=\"wafp_registerform\" method=\"post\" action=\"\">\n    <input type=\"hidden\" name=\"esaf_process_signup_form\" value=\"1\">\n\n    \n    \n    \n    <div class=\"esaf-form-row esaf_first_name\">\n      <div class=\"esaf-form-label\">\n        <label for=\"first_name\">Numele \u0219i prenumele<span class=\"esaf-required\">*<\/span><\/label>\n        <span class=\"esaf-validation-error\">Necesar<\/span>\n      <\/div>\n      <input type=\"text\" name=\"first_name\" id=\"first_name\" value=\"\" required \/>\n    <\/div>\n\n    <div class=\"esaf-form-row esaf_last_name\">\n      <div class=\"esaf-form-label\">\n        <label for=\"last_name\">Numele de familie<span class=\"esaf-required\">*<\/span><\/label>\n        <span class=\"esaf-validation-error\">Necesar<\/span>\n      <\/div>\n      <input type=\"text\" name=\"last_name\" id=\"last_name\" value=\"\" required \/>\n    <\/div>\n\n    <div class=\"esaf-form-row esaf_username\">\n      <div class=\"esaf-form-label\">\n        <label for=\"_wafp_user_user_login\">Nume utilizator<span class=\"esaf-required\">*<\/span><\/label>\n        <span class=\"esaf-validation-error\">Necesar<\/span>\n      <\/div>\n      <input type=\"text\" name=\"_wafp_user_user_login\" id=\"_wafp_user_user_login\" value=\"\" required \/>\n    <\/div>\n\n    <div class=\"esaf-form-row esaf_email\">\n      <div class=\"esaf-form-label\">\n        <label for=\"_wafp_user_user_email\">e-mail<span class=\"esaf-required\">*<\/span><\/label>\n        <span class=\"esaf-validation-error\">Necesar \u0219i trebuie s\u0103 fie o adres\u0103 de e-mail valid\u0103<\/span>\n      <\/div>\n      <input type=\"email\" name=\"_wafp_user_user_email\" id=\"_wafp_user_user_email\" value=\"\" required \/>\n    <\/div>\n\n    \n    \n    \n    \n          <div class=\"esaf-form-row esaf_password\">\n        <div class=\"esaf-form-label\">\n          <label for=\"_wafp_user_user_pass\">Crearea unei parole<span class=\"esaf-required\">*<\/span><\/label>\n          <span class=\"esaf-validation-error\">Necesar<\/span>\n        <\/div>\n        <input type=\"password\" name=\"_wafp_user_user_pass\" id=\"_wafp_user_user_pass\" class=\"esaf-password\" required \/>\n      <\/div>\n\n      <div class=\"esaf-form-row esaf_password_confirm\">\n        <div class=\"esaf-form-label\">\n          <label for=\"wafp_user_password_confirm\">Confirmarea parolei<span class=\"esaf-required\">*<\/span><\/label>\n          <span class=\"esaf-validation-error\">Necesar \u0219i trebuie s\u0103 coincid\u0103 cu parola<\/span>\n        <\/div>\n        <input type=\"password\" name=\"wafp_user_password_confirm\" id=\"wafp_user_password_confirm\" class=\"esaf-password-confirm\" required \/>\n      <\/div>\n    \n          <div class=\"esaf-form-row esaf_signup_agreement\">\n        <input type=\"checkbox\" name=\"wafp_user_signup_agreement\" id=\"wafp_user_signup_agreement\" required \/>\n                <label for=\"wafp_user_signup_agreement\">Sunt de acord cu <a href=\"#\" id=\"wafp_agreement_agree\">Acord de \u00eenscriere pentru afilia\u021bi<\/a><span class=\"esaf-required\">*<\/span><\/label>\n        <div id=\"wafp_signup_agreement_text\" style=\"display:none;\">\n          <div class=\"esaf-signup-agreement-text\">\u00cen calitate de afiliat autorizat (afiliat) al GERRYPROFITCAPITAL MANAGEMENT - FZCO (EasyProfitTrading), sunte\u021bi de acord s\u0103 respecta\u021bi termenii \u0219i condi\u021biile cuprinse \u00een prezentul acord (acord). V\u0103 rug\u0103m s\u0103 citi\u021bi cu aten\u021bie \u00eentregul Acord \u00eenainte de a v\u0103 \u00eenregistra \u0219i promova EasyProfitTrading \u00een calitate de afiliat.<br \/>\r\n<br \/>\r\nParticiparea dvs. la program este exclusiv pentru a face publicitate \u00een mod legal site-ului nostru \u0219i pentru a primi un comision pentru abonamentele \u0219i produsele achizi\u021bionate de persoanele care ajung la EasyProfitTrading prin intermediul propriului site sau al recomand\u0103rilor personale.<br \/>\r\n<br \/>\r\nPrin \u00eenscrierea \u00een Programul de afiliere EasyProfitTrading (Programul), v\u0103 exprima\u021bi acceptarea prezentului Acord \u0219i a termenilor \u0219i condi\u021biilor acestuia.<br \/>\r\n<br \/>\r\n1. aprobarea sau respingerea cererii<br \/>\r\nNe rezerv\u0103m dreptul de a aproba sau de a respinge orice Cerere pentru programul de afiliere la discre\u021bia noastr\u0103 exclusiv\u0103 \u0219i absolut\u0103. Nu ve\u021bi avea nicio cale legal\u0103 de atac \u00eempotriva noastr\u0103 pentru respingerea cererii dumneavoastr\u0103 de participare la programul de afiliere.<br \/>\r\n<br \/>\r\n2. comisioane<br \/>\r\nComisioanele vor fi pl\u0103tite o dat\u0103 pe lun\u0103. Pentru ca un afiliat s\u0103 primeasc\u0103 un comision, contul recomandat trebuie s\u0103 r\u0103m\u00e2n\u0103 activ timp de cel pu\u021bin 37 de zile.<br \/>\r\n<br \/>\r\nNu v\u0103 pute\u021bi recomanda singur \u0219i nu ve\u021bi primi un comision pentru propriile conturi. De asemenea, exist\u0103 o limit\u0103 de un comision per recomandare. Dac\u0103 cineva face clic pe link-ul de pe site-ul dvs. \u0219i comand\u0103 mai multe conturi, ve\u021bi primi un comision doar pentru prima comand\u0103.<br \/>\r\n<br \/>\r\nPl\u0103\u021bile vor fi trimise numai pentru tranzac\u021biile care au fost finalizate cu succes. Tranzac\u021biile care au ca rezultat return\u0103ri sau ramburs\u0103ri nu vor fi pl\u0103tite.<br \/>\r\n<br \/>\r\n3. \u00eencetare<br \/>\r\nCererea dumneavoastr\u0103 de afiliere \u0219i statutul dumneavoastr\u0103 \u00een cadrul Programului pot fi suspendate sau reziliate pentru oricare dintre urm\u0103toarele motive:<br \/>\r\n<br \/>\r\nReclame nepotrivite (afirma\u021bii false, hiperlinkuri \u00een\u0219el\u0103toare etc.).<br \/>\r\nSpamming (e-mail \u00een mas\u0103, postare \u00een mas\u0103 pe grupuri de \u0219tiri etc.).<br \/>\r\nPublicitatea pe site-uri care con\u021bin sau promoveaz\u0103 activit\u0103\u021bi ilegale.<br \/>\r\nOmisiunea de a dezv\u0103lui rela\u021bia de afiliere pentru orice promo\u021bie care se calific\u0103 drept o aprobare \u00een conformitate cu orient\u0103rile \u0219i reglement\u0103rile existente ale Comisiei Federale pentru Comer\u021b sau cu orice legi de stat aplicabile.<br \/>\r\n\u00cenc\u0103lcarea drepturilor de proprietate intelectual\u0103. EasyProfitTrading \u00ee\u0219i rezerv\u0103 dreptul de a solicita acorduri de licen\u021b\u0103 de la cei care utilizeaz\u0103 m\u0103rci comerciale ale EasyProfitTrading pentru a proteja drepturile noastre de proprietate intelectual\u0103.<br \/>\r\nOferirea de reduceri, cupoane sau alte forme de return\u0103ri promise din comisionul dvs. de afiliat ca stimulent. Cu toate acestea, ad\u0103ugarea de bonusuri sau asocierea altor produse cu EasyProfitTrading este acceptabil\u0103.<br \/>\r\nAuto-referin\u021be, tranzac\u021bii frauduloase, suspiciuni de fraud\u0103 afiliat\u0103.<br \/>\r\n\u00cen plus fa\u021b\u0103 de cele de mai sus, EasyProfitTrading \u00ee\u0219i rezerv\u0103 dreptul de a \u00eenchide orice cont de afiliat \u00een orice moment, pentru orice \u00eenc\u0103lcare a prezentului acord sau f\u0103r\u0103 motiv.<br \/>\r\n<br \/>\r\n4. link-uri afiliate<br \/>\r\nPute\u021bi utiliza linkuri grafice \u0219i text at\u00e2t pe site-ul dvs. web, c\u00e2t \u0219i \u00een mesajele dvs. de e-mail. De asemenea, pute\u021bi face publicitate site-ului EasyProfitTrading \u00een anun\u021buri online \u0219i offline, reviste \u0219i ziare.<br \/>\r\n<br \/>\r\nPute\u021bi utiliza grafica \u0219i textul furnizate de noi sau le pute\u021bi crea pe cele proprii, at\u00e2t timp c\u00e2t acestea sunt considerate adecvate \u00een conformitate cu condi\u021biile \u0219i nu \u00eencalc\u0103 prevederile Condi\u021biei 3.<br \/>\r\n<br \/>\r\n5. site-uri de cupoane \u0219i oferte<br \/>\r\nEasyProfitTrading ofer\u0103 ocazional cupoane pentru afilia\u021bii selecta\u021bi \u0219i pentru abona\u021bii no\u0219tri la newsletter. Dac\u0103 nu sunte\u021bi pre-aprobat \/ nu vi se atribuie un cupon de marc\u0103, atunci nu ave\u021bi voie s\u0103 promova\u021bi cuponul. Mai jos sunt termenii care se aplic\u0103 pentru orice afiliat care ia \u00een considerare promovarea produselor noastre \u00een leg\u0103tur\u0103 cu o ofert\u0103 sau un cupon:<br \/>\r\n<br \/>\r\nAfilia\u021bii nu pot utiliza text \u00een\u0219el\u0103tor pe linkurile, butoanele sau imaginile afilia\u021bilor pentru a sugera c\u0103 orice altceva \u00een afara ofertelor autorizate \u00een prezent se refer\u0103 la afiliatul respectiv.<br \/>\r\nAfilia\u021bii nu pot licita pe EasyProfitTrading Cupoane, EasyProfitTrading Reduceri sau alte fraze implic\u00e2nd cupoane sunt disponibile.<br \/>\r\nAfilia\u021bii nu pot genera pop-up-uri, pop-unders, iframe-uri, cadre sau orice alte ac\u021biuni vizibile sau nev\u0103zute care seteaz\u0103 cookie-uri de afiliere, cu excep\u021bia cazului \u00een care utilizatorul \u0219i-a exprimat un interes clar \u0219i explicit pentru activarea unei economii specifice f\u0103c\u00e2nd clic pe un link, un buton sau o imagine clar marcate pentru cuponul sau oferta respectiv\u0103. Linkul dvs. trebuie s\u0103 trimit\u0103 vizitatorul la site-ul comerciantului.<br \/>\r\nUtilizatorul trebuie s\u0103 poat\u0103 vedea informa\u021bii \u0219i detalii despre cupoane\/oferte\/salarii \u00eenainte ca un cookie afiliat s\u0103 fie setat (de exemplu, \"face\u021bi clic aici pentru a vedea cupoane \u0219i pentru a deschide o fereastr\u0103 c\u0103tre site-ul comerciantului\" NU este permis).<br \/>\r\nSite-urile afilia\u021bilor nu pot avea \"Face\u021bi clic pentru (sau pentru a vedea) ofert\u0103\/cupon\" sau orice varia\u021bie, atunci c\u00e2nd nu exist\u0103 cupoane sau oferte disponibile, iar clicul deschide site-ul comerciantului sau stabile\u0219te un cookie. Afilia\u021bii cu un astfel de text pe pagina de destina\u021bie a comerciantului vor fi elimina\u021bi imediat din program.<br \/>\r\n6. politica de plat\u0103 pe clic (PPC)<br \/>\r\nLicita\u021biile PPC NU sunt permise f\u0103r\u0103 permisiune scris\u0103 prealabil\u0103.<br \/>\r\n<br \/>\r\n7. r\u0103spundere<br \/>\r\nEasyProfitTrading nu va fi r\u0103spunz\u0103toare pentru daunele indirecte sau accidentale (pierderi de venituri, comisioane) datorate e\u0219ecurilor de urm\u0103rire a afilia\u021bilor, pierderii fi\u0219ierelor din baza de date sau oric\u0103ror rezultate ale inten\u021biilor de prejudiciere a Programului \u0219i\/sau a site-ului (site-urilor) nostru (noastre).<br \/>\r\n<br \/>\r\nNu oferim nicio garan\u021bie explicit\u0103 sau implicit\u0103 cu privire la Program \u0219i\/sau la abonamentele sau produsele v\u00e2ndute de EasyProfitTrading. Nu pretindem c\u0103 func\u021bionarea Programului \u0219i\/sau a site-ului (site-urilor) nostru (noastre) va fi lipsit\u0103 de erori \u0219i nu vom fi responsabili pentru nicio \u00eentrerupere sau eroare.<br \/>\r\n<br \/>\r\n8 Durata acordului<br \/>\r\nDurata prezentului acord \u00eencepe \u00een momentul accept\u0103rii dvs. \u00een Program \u0219i se va \u00eencheia \u00een momentul \u00een care contul dvs. de afiliat este \u00eenchis.<br \/>\r\n<br \/>\r\nTermenii \u0219i condi\u021biile prezentului acord pot fi modificate de noi \u00een orice moment. Dac\u0103 orice modificare a termenilor \u0219i condi\u021biilor prezentului acord este inacceptabil\u0103 pentru dvs., singura dvs. alegere este s\u0103 v\u0103 \u00eenchide\u021bi contul de afiliat. Continuarea particip\u0103rii dvs. la program va constitui acceptarea de c\u0103tre dvs. a oric\u0103rei modific\u0103ri.<br \/>\r\n<br \/>\r\n9. desp\u0103gubire<br \/>\r\nAfiliatul va desp\u0103gubi \u0219i va exonera EasyProfitTrading \u0219i companiile sale afiliate \u0219i subsidiare, ofi\u021berii, directorii, angaja\u021bii, licen\u021bia\u021bii, succesorii \u0219i cesionarii, inclusiv cei licen\u021bia\u021bi sau autoriza\u021bi de EasyProfitTrading s\u0103 transmit\u0103 \u0219i s\u0103 distribuie materiale, de orice \u0219i de toate r\u0103spunderile, daune, amenzi, hot\u0103r\u00e2ri judec\u0103tore\u0219ti, preten\u021bii, costuri, pierderi \u0219i cheltuieli (inclusiv onorarii \u0219i costuri juridice rezonabile) care decurg din sau sunt legate de oricare \u0219i toate preten\u021biile sus\u021binute \u00een leg\u0103tur\u0103 cu prezentul acord din cauza neglijen\u021bei, a declara\u021biilor false, a omisiunii de a dezv\u0103lui sau a comportamentului necorespunz\u0103tor inten\u021bionat al afiliatului.<br \/>\r\n<br \/>\r\n10 Legea aplicabil\u0103, jurisdic\u021bia \u0219i onorariile avoca\u021bilor<br \/>\r\nPrezentul acord este guvernat de \u0219i interpretat \u00een conformitate cu Emiratele Arabe Unite. Orice litigiu care decurge din prezentul acord sau este legat \u00een orice mod de acesta va fi judecat exclusiv de instan\u021bele de stat situate \u00een Dubai.<br \/>\r\n<br \/>\r\n\u00cen cazul unui litigiu pentru aplicarea oric\u0103rei dispozi\u021bii a prezentului acord, partea care prevaleaz\u0103 va avea dreptul de a recupera de la cealalt\u0103 parte costurile \u0219i onorariile, inclusiv onorariile juridice rezonabile.<br \/>\r\n<br \/>\r\n11. semn\u0103turi electronice \u00een vigoare<br \/>\r\nAcordul este un contract electronic care stabile\u0219te termenii obligatorii din punct de vedere juridic ai particip\u0103rii dumneavoastr\u0103 la programul de afiliere EasyProfitTrading. Prin completarea procesului de aplicare EasyProfitTrading, v\u0103 exprima\u021bi acceptarea prezentului acord \u0219i a tuturor termenilor \u0219i condi\u021biilor con\u021binute sau men\u021bionate \u00een prezentul acord. Aceast\u0103 ac\u021biune creeaz\u0103 o semn\u0103tur\u0103 electronic\u0103 care are aceea\u0219i for\u021b\u0103 juridic\u0103 \u0219i acela\u0219i efect ca o semn\u0103tur\u0103 scris\u0103 de m\u00e2n\u0103.<\/div>\n        <\/div>\n      <\/div>\n    \n      <div class=\"esaf-form-row\">\n    <label for=\"bitget_id\">Bitget ID *<\/label>\n    <input type=\"text\" name=\"bitget_id\" id=\"bitget_id\" value=\"\" required \/>\n  <\/div>\n  \n    <label for=\"wafp_honeypot\" class=\"esaf-visually-hidden\">C\u00e2mpul trebuie s\u0103 fie gol<\/label>\n    <input type=\"text\" name=\"wafp_honeypot\" id=\"wafp_honeypot\" class=\"esaf-visually-hidden\" autocomplete=\"new-password\" \/>\n\n    <div class=\"esaf-form-button-row\">\n      <button class=\"esaf-submit\">\u00censcriere<\/button>\n      <img decoding=\"async\" src=\"https:\/\/easyprofittrading.com\/wp-content\/plugins\/easy-affiliate\/images\/loading.gif\" class=\"esaf-loading-gif esaf-hidden\" alt=\"Loading...\" \/>\n      <span class=\"esaf-form-has-errors\">V\u0103 rug\u0103m s\u0103 corecta\u021bi erorile de mai sus<\/span>\n    <\/div>\n\n  <input type=\"hidden\" name=\"trp-form-language\" value=\"ro\"\/><\/form>\n\n<\/div>","protected":false},"excerpt":{"rendered":"<p>\u00a0 First Name* Required Last Name* Required Username* Required Email* Required and must be a valid email address Create a Password* Required Password Confirmation* Required and must match password I agree to the Affiliate Sign-up Agreement* As an authorized affiliate (Affiliate) of GERRYPROFITCAPITAL MANAGEMENT &#8211; FZCO (EasyProfitTrading), you agree to abide by the terms and [&hellip;]<\/p>\n","protected":false},"author":12,"featured_media":0,"parent":0,"menu_order":0,"comment_status":"closed","ping_status":"closed","template":"","meta":{"_acf_changed":false,"footnotes":""},"class_list":["post-2115","page","type-page","status-publish","hentry"],"acf":[],"aioseo_notices":[],"_links":{"self":[{"href":"https:\/\/easyprofittrading.com\/ro\/wp-json\/wp\/v2\/pages\/2115","targetHints":{"allow":["GET"]}}],"collection":[{"href":"https:\/\/easyprofittrading.com\/ro\/wp-json\/wp\/v2\/pages"}],"about":[{"href":"https:\/\/easyprofittrading.com\/ro\/wp-json\/wp\/v2\/types\/page"}],"author":[{"embeddable":true,"href":"https:\/\/easyprofittrading.com\/ro\/wp-json\/wp\/v2\/users\/12"}],"replies":[{"embeddable":true,"href":"https:\/\/easyprofittrading.com\/ro\/wp-json\/wp\/v2\/comments?post=2115"}],"version-history":[{"count":25,"href":"https:\/\/easyprofittrading.com\/ro\/wp-json\/wp\/v2\/pages\/2115\/revisions"}],"predecessor-version":[{"id":2727,"href":"https:\/\/easyprofittrading.com\/ro\/wp-json\/wp\/v2\/pages\/2115\/revisions\/2727"}],"wp:attachment":[{"href":"https:\/\/easyprofittrading.com\/ro\/wp-json\/wp\/v2\/media?parent=2115"}],"curies":[{"name":"wp","href":"https:\/\/api.w.org\/{rel}","templated":true}]}}