{"id":2116,"date":"2025-02-13T14:37:57","date_gmt":"2025-02-13T14:37:57","guid":{"rendered":"https:\/\/easyprofittrading.com\/affiliate-login-3\/"},"modified":"2025-02-13T15:26:21","modified_gmt":"2025-02-13T15:26:21","slug":"affiliate-login","status":"publish","type":"page","link":"https:\/\/easyprofittrading.com\/hu\/affiliate-login\/","title":{"rendered":"Affiliate bejelentkez\u00e9s"},"content":{"rendered":"<form class=\"esaf-form\" method=\"post\" action=\"\">\n  <div class=\"esaf-form-row\">\n    <div class=\"esaf-form-label\">\n      <label for=\"user_login\">Felhaszn\u00e1l\u00f3n\u00e9v<\/label>\n    <\/div>\n    <input type=\"text\" name=\"log\" id=\"user_login\" value=\"\" tabindex=\"500\" \/>\n  <\/div>\n  <div class=\"esaf-form-row\">\n    <div class=\"esaf-form-label\">\n      <label for=\"user_pass\">Jelsz\u00f3<\/label>\n    <\/div>\n    <input type=\"password\" name=\"pwd\" id=\"user_pass\" tabindex=\"510\" \/>\n  <\/div>\n  <div class=\"esaf-form-row\">\n    <input name=\"rememberme\" type=\"checkbox\" id=\"rememberme\" value=\"forever\" tabindex=\"520\" \/> <label for=\"rememberme\">Eml\u00e9kezz r\u00e1m<\/label>\n  <\/div>\n    <div class=\"esaf-form-button-row\">\n    <button tabindex=\"530\">Bejelentkez\u00e9s<\/button>\n    <input type=\"hidden\" name=\"redirect_to\" value=\"https:\/\/easyprofittrading.com\/hu\/affiliate-dashboard\/\" \/>\n    <input type=\"hidden\" name=\"testcookie\" value=\"1\" \/>\n    <input type=\"hidden\" name=\"wafp_process_login_form\" value=\"true\" \/>\n  <\/div>\n<input type=\"hidden\" name=\"trp-form-language\" value=\"hu\"\/><\/form>\n<div class=\"esaf-login-actions\">\n  <a href=\"https:\/\/easyprofittrading.com\/hu\/affiliate-signup\/\">Regisztr\u00e1ci\u00f3<\/a>&nbsp;|\n  <a href=\"https:\/\/easyprofittrading.com\/hu\/affiliate-login\/?action=forgot_password\">Elfelejtette a jelsz\u00f3t?<\/a>\n<\/div>","protected":false},"excerpt":{"rendered":"<p>Felhaszn\u00e1l\u00f3n\u00e9v Jelsz\u00f3 Eml\u00e9kezzen r\u00e1m Bejelentkez\u00e9s Regisztr\u00e1ci\u00f3 | Elfelejtett jelsz\u00f3?<\/p>","protected":false},"author":12,"featured_media":0,"parent":0,"menu_order":0,"comment_status":"closed","ping_status":"closed","template":"","meta":{"_acf_changed":false,"footnotes":""},"class_list":["post-2116","page","type-page","status-publish","hentry"],"acf":[],"aioseo_notices":[],"_links":{"self":[{"href":"https:\/\/easyprofittrading.com\/hu\/wp-json\/wp\/v2\/pages\/2116","targetHints":{"allow":["GET"]}}],"collection":[{"href":"https:\/\/easyprofittrading.com\/hu\/wp-json\/wp\/v2\/pages"}],"about":[{"href":"https:\/\/easyprofittrading.com\/hu\/wp-json\/wp\/v2\/types\/page"}],"author":[{"embeddable":true,"href":"https:\/\/easyprofittrading.com\/hu\/wp-json\/wp\/v2\/users\/12"}],"replies":[{"embeddable":true,"href":"https:\/\/easyprofittrading.com\/hu\/wp-json\/wp\/v2\/comments?post=2116"}],"version-history":[{"count":1,"href":"https:\/\/easyprofittrading.com\/hu\/wp-json\/wp\/v2\/pages\/2116\/revisions"}],"predecessor-version":[{"id":2130,"href":"https:\/\/easyprofittrading.com\/hu\/wp-json\/wp\/v2\/pages\/2116\/revisions\/2130"}],"wp:attachment":[{"href":"https:\/\/easyprofittrading.com\/hu\/wp-json\/wp\/v2\/media?parent=2116"}],"curies":[{"name":"wp","href":"https:\/\/api.w.org\/{rel}","templated":true}]}}