{"id":2115,"date":"2025-02-13T14:37:57","date_gmt":"2025-02-13T14:37:57","guid":{"rendered":"https:\/\/easyprofittrading.com\/affiliate-signup\/"},"modified":"2025-08-26T07:18:54","modified_gmt":"2025-08-26T07:18:54","slug":"affiliate-signup","status":"publish","type":"page","link":"https:\/\/easyprofittrading.com\/hu\/affiliate-signup\/","title":{"rendered":"Affiliate regisztr\u00e1ci\u00f3"},"content":{"rendered":"<div data-elementor-type=\"wp-page\" data-elementor-id=\"2115\" class=\"elementor elementor-2115\" data-elementor-post-type=\"page\">\n\t\t\t\t<div class=\"elementor-element elementor-element-3ab712f3 e-flex e-con-boxed e-con e-parent\" data-id=\"3ab712f3\" data-element_type=\"container\" data-e-type=\"container\">\n\t\t\t\t\t<div class=\"e-con-inner\">\n\t\t\t\t<div class=\"elementor-element elementor-element-5a3ea64f elementor-widget elementor-widget-text-editor\" data-id=\"5a3ea64f\" data-element_type=\"widget\" data-e-type=\"widget\" data-widget_type=\"text-editor.default\">\n\t\t\t\t<div class=\"elementor-widget-container\">\n\t\t\t\t\t\t\t\t\t\n<p>\u00a0<\/p>\n\t\t\t\t\t\t\t\t<\/div>\n\t\t\t\t<\/div>\n\t\t\t\t\t<\/div>\n\t\t\t\t<\/div>\n\t\t\t\t<\/div>\n\t\t\n<div class=\"esaf esaf-signup\">\n\n  <form class=\"esaf-form esaf-signup-form\" name=\"wafp_registerform\" id=\"wafp_registerform\" method=\"post\" action=\"\">\n    <input type=\"hidden\" name=\"esaf_process_signup_form\" value=\"1\">\n\n    \n    \n    \n    <div class=\"esaf-form-row esaf_first_name\">\n      <div class=\"esaf-form-label\">\n        <label for=\"first_name\">Keresztn\u00e9v<span class=\"esaf-required\">*<\/span><\/label>\n        <span class=\"esaf-validation-error\">K\u00f6telez\u0151<\/span>\n      <\/div>\n      <input type=\"text\" name=\"first_name\" id=\"first_name\" value=\"\" required \/>\n    <\/div>\n\n    <div class=\"esaf-form-row esaf_last_name\">\n      <div class=\"esaf-form-label\">\n        <label for=\"last_name\">Vezet\u00e9kn\u00e9v<span class=\"esaf-required\">*<\/span><\/label>\n        <span class=\"esaf-validation-error\">K\u00f6telez\u0151<\/span>\n      <\/div>\n      <input type=\"text\" name=\"last_name\" id=\"last_name\" value=\"\" required \/>\n    <\/div>\n\n    <div class=\"esaf-form-row esaf_username\">\n      <div class=\"esaf-form-label\">\n        <label for=\"_wafp_user_user_login\">Felhaszn\u00e1l\u00f3n\u00e9v<span class=\"esaf-required\">*<\/span><\/label>\n        <span class=\"esaf-validation-error\">K\u00f6telez\u0151<\/span>\n      <\/div>\n      <input type=\"text\" name=\"_wafp_user_user_login\" id=\"_wafp_user_user_login\" value=\"\" required \/>\n    <\/div>\n\n    <div class=\"esaf-form-row esaf_email\">\n      <div class=\"esaf-form-label\">\n        <label for=\"_wafp_user_user_email\">e-mail<span class=\"esaf-required\">*<\/span><\/label>\n        <span class=\"esaf-validation-error\">K\u00f6telez\u0151 \u00e9s \u00e9rv\u00e9nyes e-mail c\u00edmnek kell lennie<\/span>\n      <\/div>\n      <input type=\"email\" name=\"_wafp_user_user_email\" id=\"_wafp_user_user_email\" value=\"\" required \/>\n    <\/div>\n\n    \n    \n    \n    \n          <div class=\"esaf-form-row esaf_password\">\n        <div class=\"esaf-form-label\">\n          <label for=\"_wafp_user_user_pass\">Jelsz\u00f3 l\u00e9trehoz\u00e1sa<span class=\"esaf-required\">*<\/span><\/label>\n          <span class=\"esaf-validation-error\">K\u00f6telez\u0151<\/span>\n        <\/div>\n        <input type=\"password\" name=\"_wafp_user_user_pass\" id=\"_wafp_user_user_pass\" class=\"esaf-password\" required \/>\n      <\/div>\n\n      <div class=\"esaf-form-row esaf_password_confirm\">\n        <div class=\"esaf-form-label\">\n          <label for=\"wafp_user_password_confirm\">Jelsz\u00f3 meger\u0151s\u00edt\u00e9s<span class=\"esaf-required\">*<\/span><\/label>\n          <span class=\"esaf-validation-error\">K\u00f6telez\u0151 \u00e9s meg kell egyeznie a jelsz\u00f3val<\/span>\n        <\/div>\n        <input type=\"password\" name=\"wafp_user_password_confirm\" id=\"wafp_user_password_confirm\" class=\"esaf-password-confirm\" required \/>\n      <\/div>\n    \n          <div class=\"esaf-form-row esaf_signup_agreement\">\n        <input type=\"checkbox\" name=\"wafp_user_signup_agreement\" id=\"wafp_user_signup_agreement\" required \/>\n                <label for=\"wafp_user_signup_agreement\">Egyet\u00e9rtek a <a href=\"#\" id=\"wafp_agreement_agree\">Affiliate regisztr\u00e1ci\u00f3s meg\u00e1llapod\u00e1s<\/a><span class=\"esaf-required\">*<\/span><\/label>\n        <div id=\"wafp_signup_agreement_text\" style=\"display:none;\">\n          <div class=\"esaf-signup-agreement-text\">A GERRYPROFITCAPITAL MANAGEMENT - FZCO (EasyProfitTrading) enged\u00e9lyezett partnerek\u00e9nt (Partner) \u00d6n v\u00e1llalja, hogy betartja a jelen Meg\u00e1llapod\u00e1sban (Meg\u00e1llapod\u00e1s) foglalt felt\u00e9teleket. K\u00e9rj\u00fck, olvassa el figyelmesen a teljes Meg\u00e1llapod\u00e1st, miel\u0151tt regisztr\u00e1l \u00e9s az EasyProfitTrading-t Affiliate-k\u00e9nt n\u00e9pszer\u0171s\u00edti.<br \/>\r\n<br \/>\r\nAz \u00d6n r\u00e9szv\u00e9tele a Programban kiz\u00e1r\u00f3lag arra szolg\u00e1l, hogy leg\u00e1lisan rekl\u00e1mozza weboldalunkat, hogy jutal\u00e9kot kapjon a tags\u00e1gok \u00e9s term\u00e9kek ut\u00e1n, amelyeket az EasyProfitTrading-hez az \u00d6n saj\u00e1t weboldal\u00e1n vagy szem\u00e9lyes aj\u00e1nl\u00e1sok \u00e1ltal aj\u00e1nlott szem\u00e9lyek v\u00e1s\u00e1rolnak.<br \/>\r\n<br \/>\r\nAz EasyProfitTrading Partnerprogramra (Program) t\u00f6rt\u00e9n\u0151 regisztr\u00e1ci\u00f3val \u00d6n jelzi, hogy elfogadja a jelen Meg\u00e1llapod\u00e1st \u00e9s annak felt\u00e9teleit.<br \/>\r\n<br \/>\r\n1. a k\u00e9relem j\u00f3v\u00e1hagy\u00e1sa vagy elutas\u00edt\u00e1sa<br \/>\r\nFenntartjuk a jogot, hogy saj\u00e1t kiz\u00e1r\u00f3lagos \u00e9s abszol\u00fat bel\u00e1t\u00e1sunk szerint j\u00f3v\u00e1hagyjunk vagy elutas\u00edtsunk MINDEN Affiliate Program k\u00e9relmet. A Partnerprogram-p\u00e1ly\u00e1zat\u00e1nak elutas\u00edt\u00e1sa miatt \u00d6n semmilyen jogorvoslattal nem \u00e9lhet vel\u00fcnk szemben.<br \/>\r\n<br \/>\r\n2. jutal\u00e9kok<br \/>\r\nA jutal\u00e9kokat havonta egyszer fizetik ki. Ahhoz, hogy egy Partner jutal\u00e9kot kapjon, az aj\u00e1nlott sz\u00e1ml\u00e1nak legal\u00e1bb 37 napig akt\u00edvnak kell maradnia.<br \/>\r\n<br \/>\r\n\u00d6n nem aj\u00e1nlhatja mag\u00e1t, \u00e9s nem kap jutal\u00e9kot a saj\u00e1t sz\u00e1ml\u00e1i ut\u00e1n. Aj\u00e1nl\u00e1sonk\u00e9nt legfeljebb egy jutal\u00e9kot kaphat. Ha valaki r\u00e1kattint a webhely\u00e9n tal\u00e1lhat\u00f3 linkre, \u00e9s t\u00f6bb fi\u00f3kot rendel, akkor csak az els\u0151 megrendel\u00e9s ut\u00e1n kap jutal\u00e9kot.<br \/>\r\n<br \/>\r\nA kifizet\u00e9sek csak a sikeresen v\u00e9grehajtott tranzakci\u00f3k ut\u00e1n ker\u00fclnek elk\u00fcld\u00e9sre. A visszaterhel\u00e9st vagy visszat\u00e9r\u00edt\u00e9st eredm\u00e9nyez\u0151 tranzakci\u00f3kat nem fizetj\u00fck ki.<br \/>\r\n<br \/>\r\n3. megsz\u00fcntet\u00e9s<br \/>\r\nAz \u00d6n partneri jelentkez\u00e9se \u00e9s a Programban bet\u00f6lt\u00f6tt st\u00e1tusza az al\u00e1bbi okok b\u00e1rmelyike miatt felf\u00fcggeszthet\u0151 vagy megsz\u00fcntethet\u0151:<br \/>\r\n<br \/>\r\nNem megfelel\u0151 rekl\u00e1mok (hamis \u00e1ll\u00edt\u00e1sok, f\u00e9lrevezet\u0151 hiperlinkek stb.).<br \/>\r\nSpammel\u00e9s (t\u00f6meges e-mail, t\u00f6meges h\u00edrcsoport-bejegyz\u00e9s stb.).<br \/>\r\nIlleg\u00e1lis tev\u00e9kenys\u00e9geket tartalmaz\u00f3 vagy n\u00e9pszer\u0171s\u00edt\u0151 oldalakon val\u00f3 rekl\u00e1moz\u00e1s.<br \/>\r\nA partneri kapcsolat nyilv\u00e1noss\u00e1gra hozatal\u00e1nak elmulaszt\u00e1sa b\u00e1rmely olyan prom\u00f3ci\u00f3 eset\u00e9ben, amely a Sz\u00f6vets\u00e9gi Kereskedelmi Bizotts\u00e1g hat\u00e1lyos ir\u00e1nymutat\u00e1sai \u00e9s szab\u00e1lyai vagy b\u00e1rmely alkalmazand\u00f3 \u00e1llami t\u00f6rv\u00e9ny \u00e9rtelm\u00e9ben j\u00f3v\u00e1hagy\u00e1snak min\u0151s\u00fcl.<br \/>\r\nA szellemi tulajdonjogok megs\u00e9rt\u00e9se. Az EasyProfitTrading fenntartja a jogot, hogy szellemi tulajdonjogaink v\u00e9delme \u00e9rdek\u00e9ben licencszerz\u0151d\u00e9seket k\u00f6veteljen azokt\u00f3l, akik az EasyProfitTrading v\u00e9djegyeit haszn\u00e1lj\u00e1k.<br \/>\r\nKedvezm\u00e9nyek, kuponok vagy m\u00e1s form\u00e1ban \u00edg\u00e9rt visszaoszt\u00e1sok felaj\u00e1nl\u00e1sa a partneri jutal\u00e9kb\u00f3l \u00f6szt\u00f6nz\u00e9sk\u00e9nt. B\u00f3nuszok hozz\u00e1ad\u00e1sa vagy m\u00e1s term\u00e9kek csomagol\u00e1sa az EasyProfitTrading-vel azonban elfogadhat\u00f3.<br \/>\r\n\u00d6nrefer\u00e1l\u00e1sok, csal\u00e1rd tranzakci\u00f3k, felt\u00e9telezett affiliate csal\u00e1s.<br \/>\r\nA fentieken t\u00falmen\u0151en az EasyProfitTrading fenntartja a jogot, hogy b\u00e1rmikor, a jelen Meg\u00e1llapod\u00e1s megs\u00e9rt\u00e9se miatt vagy b\u00e1rmilyen ok n\u00e9lk\u00fcl megsz\u00fcntesse b\u00e1rmelyik Partnerfi\u00f3kot.<br \/>\r\n<br \/>\r\n4. affiliate linkek<br \/>\r\nHaszn\u00e1lhat grafikus \u00e9s sz\u00f6veges linkeket mind a weboldal\u00e1n, mind az e-mail \u00fczeneteiben. Az EasyProfitTrading webhelyet online \u00e9s offline apr\u00f3hirdet\u00e9sekben, magazinokban \u00e9s \u00fajs\u00e1gokban is hirdetheti.<br \/>\r\n<br \/>\r\nHaszn\u00e1lhatja az \u00e1ltalunk biztos\u00edtott grafik\u00e1kat \u00e9s sz\u00f6vegeket, vagy l\u00e9trehozhatja saj\u00e1tjait, amennyiben azok a felt\u00e9teleknek megfelel\u0151en megfelel\u0151nek min\u0151s\u00fclnek, \u00e9s nem s\u00e9rtik a 3. felt\u00e9telben foglaltakat.<br \/>\r\n<br \/>\r\n5. kupon \u00e9s aj\u00e1nlat oldalak<br \/>\r\nAz EasyProfitTrading alkalmank\u00e9nt kuponokat k\u00edn\u00e1l kiv\u00e1lasztott partnereknek \u00e9s h\u00edrlev\u00e9lre feliratkoz\u00f3knak. Ha \u00d6n nem rendelkezik el\u0151zetes j\u00f3v\u00e1hagy\u00e1ssal \/ m\u00e1rkakuponnal, akkor nem rekl\u00e1mozhatja a kupont. Az al\u00e1bbiakban a felt\u00e9teleket ismertetj\u00fck, amelyek minden olyan partnerre vonatkoznak, aki term\u00e9keink prom\u00f3ci\u00f3j\u00e1t fontolgatja egy \u00fczlet vagy kupon kapcs\u00e1n:<br \/>\r\n<br \/>\r\nA partnerek nem haszn\u00e1lhatnak f\u00e9lrevezet\u0151 sz\u00f6veget a partneri linkeken, gombokon vagy k\u00e9peken, hogy azt sugallj\u00e1k, hogy a jelenleg enged\u00e9lyezett aj\u00e1nlatokon k\u00edv\u00fcl b\u00e1rmi m\u00e1s is vonatkozik az adott partnerre.<br \/>\r\nA partnerek nem licit\u00e1lhatnak EasyProfitTrading kuponokra, EasyProfitTrading kedvezm\u00e9nyekre vagy m\u00e1s olyan kifejez\u00e9sekre, amelyek arra utalnak, hogy kuponok \u00e1llnak rendelkez\u00e9sre.<br \/>\r\nA partnerek nem hozhatnak l\u00e9tre felugr\u00f3 ablakokat, pop-undereket, iframe-eket, kereteket vagy b\u00e1rmilyen m\u00e1s l\u00e1that\u00f3 vagy l\u00e1thatatlan m\u0171veletet, amely partneri s\u00fctiket hoz l\u00e9tre, kiv\u00e9ve, ha a felhaszn\u00e1l\u00f3 egy\u00e9rtelm\u0171 \u00e9s kifejezett \u00e9rdekl\u0151d\u00e9s\u00e9t fejezte ki egy adott megtakar\u00edt\u00e1s aktiv\u00e1l\u00e1sa ir\u00e1nt az adott kupon vagy aj\u00e1nlat egy\u00e9rtelm\u0171en megjel\u00f6lt linkj\u00e9re, gombj\u00e1ra vagy k\u00e9p\u00e9re kattintva. Az \u00d6n linkj\u00e9nek a l\u00e1togat\u00f3t a keresked\u0151 oldal\u00e1ra kell tov\u00e1bb\u00edtania.<br \/>\r\nA felhaszn\u00e1l\u00f3nak k\u00e9pesnek kell lennie arra, hogy a kuponokkal\/aj\u00e1nlatokkal\/el\u0151ny\u00f6kkel kapcsolatos inform\u00e1ci\u00f3kat \u00e9s r\u00e9szleteket l\u00e1ssa, miel\u0151tt a partner cookie be\u00e1ll\u00edt\u00e1sra ker\u00fcl (azaz a \"kattintson ide a kuponok megtekint\u00e9s\u00e9hez \u00e9s nyisson ablakot a keresked\u0151 oldal\u00e1ra\" NEM megengedett).<br \/>\r\nA partneroldalakon nem szerepelhet a \"Kattintson az aj\u00e1nlat\u00e9rt\/kupon\u00e9rt (vagy annak megtekint\u00e9s\u00e9hez)\" vagy annak b\u00e1rmely v\u00e1ltozata, ha nincsenek kuponok vagy aj\u00e1nlatok, \u00e9s a kattint\u00e1s megnyitja a keresked\u0151 oldal\u00e1t, vagy cookie-t \u00e1ll\u00edt be. A keresked\u0151 c\u00e9loldal\u00e1n ilyen sz\u00f6veget tartalmaz\u00f3 partnerek azonnal t\u00f6rl\u00e9sre ker\u00fclnek a programb\u00f3l.<br \/>\r\n6. pay per click (PPC) politika<br \/>\r\nPPC licit\u00e1l\u00e1s NEM megengedett el\u0151zetes \u00edr\u00e1sbeli enged\u00e9ly n\u00e9lk\u00fcl.<br \/>\r\n<br \/>\r\n7. felel\u0151ss\u00e9g<br \/>\r\nAz EasyProfitTrading nem v\u00e1llal felel\u0151ss\u00e9get a k\u00f6zvetett vagy v\u00e9letlen k\u00e1rok\u00e9rt (bev\u00e9telkies\u00e9s, jutal\u00e9kok), amelyek a partnerek nyomon k\u00f6vet\u00e9si hib\u00e1ib\u00f3l, az adatb\u00e1zis f\u00e1jlok elveszt\u00e9s\u00e9b\u0151l, vagy a Program \u00e9s\/vagy a weboldal(ak) k\u00e1rosod\u00e1s\u00e1nak b\u00e1rmilyen sz\u00e1nd\u00e9kos k\u00f6vetkezm\u00e9ny\u00e9b\u0151l erednek.<br \/>\r\n<br \/>\r\nNem v\u00e1llalunk semmilyen kifejezett vagy hallgat\u00f3lagos garanci\u00e1t a Programmal \u00e9s\/vagy az EasyProfitTrading \u00e1ltal \u00e9rt\u00e9kes\u00edtett tags\u00e1gokkal vagy term\u00e9kekkel kapcsolatban. Nem \u00e1ll\u00edtjuk, hogy a Program \u00e9s\/vagy a weboldal(ak) m\u0171k\u00f6d\u00e9se hibamentes lesz, \u00e9s nem v\u00e1llalunk felel\u0151ss\u00e9get semmilyen megszak\u00edt\u00e1s\u00e9rt vagy hib\u00e1\u00e9rt.<br \/>\r\n<br \/>\r\n8 A meg\u00e1llapod\u00e1s id\u0151tartama<br \/>\r\nA jelen Meg\u00e1llapod\u00e1s id\u0151tartama az \u00d6n Programba val\u00f3 felv\u00e9tel\u00e9vel kezd\u0151dik, \u00e9s akkor \u00e9r v\u00e9get, amikor az \u00d6n Partnerfi\u00f3kja megsz\u0171nik.<br \/>\r\n<br \/>\r\nA jelen meg\u00e1llapod\u00e1s felt\u00e9teleit b\u00e1rmikor m\u00f3dos\u00edthatjuk. Ha a jelen meg\u00e1llapod\u00e1s felt\u00e9teleinek b\u00e1rmely m\u00f3dos\u00edt\u00e1sa elfogadhatatlan az \u00d6n sz\u00e1m\u00e1ra, akkor az egyetlen lehet\u0151s\u00e9ge, hogy megsz\u00fcnteti a partnerfi\u00f3kj\u00e1t. A programban val\u00f3 tov\u00e1bbi r\u00e9szv\u00e9tele a m\u00f3dos\u00edt\u00e1sok elfogad\u00e1s\u00e1nak min\u0151s\u00fcl.<br \/>\r\n<br \/>\r\n9 K\u00e1rtalan\u00edt\u00e1s<br \/>\r\nA Partner k\u00f6teles mentes\u00edteni \u00e9s \u00e1rtalmatlan\u00edtani az EasyProfitTrading-t \u00e9s annak kapcsolt \u00e9s le\u00e1nyv\u00e1llalatait, tiszts\u00e9gvisel\u0151it, igazgat\u00f3it, alkalmazottait, licencjogosultjait, jogut\u00f3dait \u00e9s megb\u00edzottjait, bele\u00e9rtve azokat, akiknek az EasyProfitTrading enged\u00e9lyt adott vagy felhatalmazta \u0151ket az anyagok tov\u00e1bb\u00edt\u00e1s\u00e1ra \u00e9s terjeszt\u00e9s\u00e9re, minden felel\u0151ss\u00e9g al\u00f3l, k\u00e1rok, b\u00edrs\u00e1gok, \u00edt\u00e9letek, k\u00f6vetel\u00e9sek, k\u00f6lts\u00e9gek, vesztes\u00e9gek \u00e9s kiad\u00e1sok (bele\u00e9rtve az \u00e9sszer\u0171 \u00fcgyv\u00e9di d\u00edjakat \u00e9s k\u00f6lts\u00e9geket), amelyek a jelen Meg\u00e1llapod\u00e1ssal kapcsolatban a Partner gondatlans\u00e1ga, f\u00e9lrevezet\u00e9se, a k\u00f6zz\u00e9t\u00e9tel elmulaszt\u00e1sa vagy sz\u00e1nd\u00e9kos k\u00f6teless\u00e9gszeg\u00e9se miatt felmer\u00fcl\u0151 vagy azzal kapcsolatos b\u00e1rmely \u00e9s minden k\u00f6vetel\u00e9sb\u0151l erednek.<br \/>\r\n<br \/>\r\n10 Ir\u00e1nyad\u00f3 jog, joghat\u00f3s\u00e1g \u00e9s \u00fcgyv\u00e9di d\u00edjak<br \/>\r\nE meg\u00e1llapod\u00e1sra az Egyes\u00fclt Arab Em\u00edrs\u00e9gek rendelkez\u00e9sei az ir\u00e1nyad\u00f3k, \u00e9s azokkal \u00f6sszhangban kell \u00e9rtelmezni. A jelen Meg\u00e1llapod\u00e1sb\u00f3l ered\u0151 vagy azzal b\u00e1rmilyen m\u00f3don \u00f6sszef\u00fcgg\u0151 b\u00e1rmely jogvit\u00e1t kiz\u00e1r\u00f3lag a Dubaiban tal\u00e1lhat\u00f3 \u00e1llami b\u00edr\u00f3s\u00e1gok el\u0151tt kell elb\u00edr\u00e1lni.<br \/>\r\n<br \/>\r\nA jelen Meg\u00e1llapod\u00e1s b\u00e1rmely rendelkez\u00e9s\u00e9nek \u00e9rv\u00e9nyes\u00edt\u00e9s\u00e9re ir\u00e1nyul\u00f3 peres elj\u00e1r\u00e1s eset\u00e9n a gy\u0151ztes f\u00e9l jogosult a m\u00e1sik f\u00e9lt\u0151l megt\u00e9r\u00edteni k\u00f6lts\u00e9geit \u00e9s d\u00edjait, bele\u00e9rtve az \u00e9sszer\u0171 \u00fcgyv\u00e9di k\u00f6lts\u00e9geket is.<br \/>\r\n<br \/>\r\n11. elektronikus al\u00e1\u00edr\u00e1sok hat\u00e1lyosak<br \/>\r\nA Meg\u00e1llapod\u00e1s egy elektronikus szerz\u0151d\u00e9s, amely az EasyProfitTrading partnerprogramban val\u00f3 r\u00e9szv\u00e9tel\u00e9nek jogilag k\u00f6telez\u0151 \u00e9rv\u00e9ny\u0171 felt\u00e9teleit hat\u00e1rozza meg. Az EasyProfitTrading jelentkez\u00e9si folyamat kit\u00f6lt\u00e9s\u00e9vel \u00d6n jelzi, hogy elfogadja a jelen Meg\u00e1llapod\u00e1st \u00e9s a jelen Meg\u00e1llapod\u00e1sban foglalt vagy hivatkozott valamennyi felt\u00e9telt. Ez a m\u0171velet elektronikus al\u00e1\u00edr\u00e1st hoz l\u00e9tre, amely ugyanolyan jogi erej\u0171 \u00e9s hat\u00e1ly\u00fa, mint a k\u00e9zzel \u00edrott al\u00e1\u00edr\u00e1s.<\/div>\n        <\/div>\n      <\/div>\n    \n      <div class=\"esaf-form-row\">\n    <label for=\"bitget_id\">Bitget ID *<\/label>\n    <input type=\"text\" name=\"bitget_id\" id=\"bitget_id\" value=\"\" required \/>\n  <\/div>\n  \n    <label for=\"wafp_honeypot\" class=\"esaf-visually-hidden\">A mez\u0151nek \u00fcresnek kell lennie<\/label>\n    <input type=\"text\" name=\"wafp_honeypot\" id=\"wafp_honeypot\" class=\"esaf-visually-hidden\" autocomplete=\"new-password\" \/>\n\n    <div class=\"esaf-form-button-row\">\n      <button class=\"esaf-submit\">Feliratkoz\u00e1s<\/button>\n      <img decoding=\"async\" src=\"https:\/\/easyprofittrading.com\/wp-content\/plugins\/easy-affiliate\/images\/loading.gif\" class=\"esaf-loading-gif esaf-hidden\" alt=\"Loading...\" \/>\n      <span class=\"esaf-form-has-errors\">K\u00e9rj\u00fck, jav\u00edtsa ki a fenti hib\u00e1kat<\/span>\n    <\/div>\n\n  <input type=\"hidden\" name=\"trp-form-language\" value=\"hu\"\/><\/form>\n\n<\/div>","protected":false},"excerpt":{"rendered":"<p>\u00a0 First Name* Required Last Name* Required Username* Required Email* Required and must be a valid email address Create a Password* Required Password Confirmation* Required and must match password I agree to the Affiliate Sign-up Agreement* As an authorized affiliate (Affiliate) of GERRYPROFITCAPITAL MANAGEMENT &#8211; FZCO (EasyProfitTrading), you agree to abide by the terms and [&hellip;]<\/p>\n","protected":false},"author":12,"featured_media":0,"parent":0,"menu_order":0,"comment_status":"closed","ping_status":"closed","template":"","meta":{"_acf_changed":false,"footnotes":""},"class_list":["post-2115","page","type-page","status-publish","hentry"],"acf":[],"aioseo_notices":[],"_links":{"self":[{"href":"https:\/\/easyprofittrading.com\/hu\/wp-json\/wp\/v2\/pages\/2115","targetHints":{"allow":["GET"]}}],"collection":[{"href":"https:\/\/easyprofittrading.com\/hu\/wp-json\/wp\/v2\/pages"}],"about":[{"href":"https:\/\/easyprofittrading.com\/hu\/wp-json\/wp\/v2\/types\/page"}],"author":[{"embeddable":true,"href":"https:\/\/easyprofittrading.com\/hu\/wp-json\/wp\/v2\/users\/12"}],"replies":[{"embeddable":true,"href":"https:\/\/easyprofittrading.com\/hu\/wp-json\/wp\/v2\/comments?post=2115"}],"version-history":[{"count":25,"href":"https:\/\/easyprofittrading.com\/hu\/wp-json\/wp\/v2\/pages\/2115\/revisions"}],"predecessor-version":[{"id":2727,"href":"https:\/\/easyprofittrading.com\/hu\/wp-json\/wp\/v2\/pages\/2115\/revisions\/2727"}],"wp:attachment":[{"href":"https:\/\/easyprofittrading.com\/hu\/wp-json\/wp\/v2\/media?parent=2115"}],"curies":[{"name":"wp","href":"https:\/\/api.w.org\/{rel}","templated":true}]}}