{"id":2115,"date":"2025-02-13T14:37:57","date_gmt":"2025-02-13T14:37:57","guid":{"rendered":"https:\/\/easyprofittrading.com\/affiliate-signup\/"},"modified":"2025-08-26T07:18:54","modified_gmt":"2025-08-26T07:18:54","slug":"affiliate-signup","status":"publish","type":"page","link":"https:\/\/easyprofittrading.com\/es\/affiliate-signup\/","title":{"rendered":"Afiliaci\u00f3n"},"content":{"rendered":"<div data-elementor-type=\"wp-page\" data-elementor-id=\"2115\" class=\"elementor elementor-2115\" data-elementor-post-type=\"page\">\n\t\t\t\t<div class=\"elementor-element elementor-element-3ab712f3 e-flex e-con-boxed e-con e-parent\" data-id=\"3ab712f3\" data-element_type=\"container\" data-e-type=\"container\">\n\t\t\t\t\t<div class=\"e-con-inner\">\n\t\t\t\t<div class=\"elementor-element elementor-element-5a3ea64f elementor-widget elementor-widget-text-editor\" data-id=\"5a3ea64f\" data-element_type=\"widget\" data-e-type=\"widget\" data-widget_type=\"text-editor.default\">\n\t\t\t\t<div class=\"elementor-widget-container\">\n\t\t\t\t\t\t\t\t\t\n<p>\u00a0<\/p>\n\t\t\t\t\t\t\t\t<\/div>\n\t\t\t\t<\/div>\n\t\t\t\t\t<\/div>\n\t\t\t\t<\/div>\n\t\t\t\t<\/div>\n\t\t\n<div class=\"esaf esaf-signup\">\n\n  <form class=\"esaf-form esaf-signup-form\" name=\"wafp_registerform\" id=\"wafp_registerform\" method=\"post\" action=\"\">\n    <input type=\"hidden\" name=\"esaf_process_signup_form\" value=\"1\">\n\n    \n    \n    \n    <div class=\"esaf-form-row esaf_first_name\">\n      <div class=\"esaf-form-label\">\n        <label for=\"first_name\">Nombre<span class=\"esaf-required\">*<\/span><\/label>\n        <span class=\"esaf-validation-error\">Requerido<\/span>\n      <\/div>\n      <input type=\"text\" name=\"first_name\" id=\"first_name\" value=\"\" required \/>\n    <\/div>\n\n    <div class=\"esaf-form-row esaf_last_name\">\n      <div class=\"esaf-form-label\">\n        <label for=\"last_name\">Apellido<span class=\"esaf-required\">*<\/span><\/label>\n        <span class=\"esaf-validation-error\">Requerido<\/span>\n      <\/div>\n      <input type=\"text\" name=\"last_name\" id=\"last_name\" value=\"\" required \/>\n    <\/div>\n\n    <div class=\"esaf-form-row esaf_username\">\n      <div class=\"esaf-form-label\">\n        <label for=\"_wafp_user_user_login\">Nombre de usuario<span class=\"esaf-required\">*<\/span><\/label>\n        <span class=\"esaf-validation-error\">Requerido<\/span>\n      <\/div>\n      <input type=\"text\" name=\"_wafp_user_user_login\" id=\"_wafp_user_user_login\" value=\"\" required \/>\n    <\/div>\n\n    <div class=\"esaf-form-row esaf_email\">\n      <div class=\"esaf-form-label\">\n        <label for=\"_wafp_user_user_email\">correo electr\u00f3nico<span class=\"esaf-required\">*<\/span><\/label>\n        <span class=\"esaf-validation-error\">Obligatorio y debe ser una direcci\u00f3n de correo electr\u00f3nico v\u00e1lida<\/span>\n      <\/div>\n      <input type=\"email\" name=\"_wafp_user_user_email\" id=\"_wafp_user_user_email\" value=\"\" required \/>\n    <\/div>\n\n    \n    \n    \n    \n          <div class=\"esaf-form-row esaf_password\">\n        <div class=\"esaf-form-label\">\n          <label for=\"_wafp_user_user_pass\">Crear una contrase\u00f1a<span class=\"esaf-required\">*<\/span><\/label>\n          <span class=\"esaf-validation-error\">Requerido<\/span>\n        <\/div>\n        <input type=\"password\" name=\"_wafp_user_user_pass\" id=\"_wafp_user_user_pass\" class=\"esaf-password\" required \/>\n      <\/div>\n\n      <div class=\"esaf-form-row esaf_password_confirm\">\n        <div class=\"esaf-form-label\">\n          <label for=\"wafp_user_password_confirm\">Confirmaci\u00f3n de contrase\u00f1a<span class=\"esaf-required\">*<\/span><\/label>\n          <span class=\"esaf-validation-error\">Obligatorio y debe coincidir con la contrase\u00f1a<\/span>\n        <\/div>\n        <input type=\"password\" name=\"wafp_user_password_confirm\" id=\"wafp_user_password_confirm\" class=\"esaf-password-confirm\" required \/>\n      <\/div>\n    \n          <div class=\"esaf-form-row esaf_signup_agreement\">\n        <input type=\"checkbox\" name=\"wafp_user_signup_agreement\" id=\"wafp_user_signup_agreement\" required \/>\n                <label for=\"wafp_user_signup_agreement\">Acepto la <a href=\"#\" id=\"wafp_agreement_agree\">Acuerdo de afiliaci\u00f3n<\/a><span class=\"esaf-required\">*<\/span><\/label>\n        <div id=\"wafp_signup_agreement_text\" style=\"display:none;\">\n          <div class=\"esaf-signup-agreement-text\">Como afiliado autorizado (Afiliado) de GERRYPROFITCAPITAL MANAGEMENT - FZCO (EasyProfitTrading), usted se compromete a cumplir los t\u00e9rminos y condiciones contenidos en el presente Acuerdo (Acuerdo). Por favor, lea todo el Acuerdo cuidadosamente antes de registrarse y promover EasyProfitTrading como afiliado.<br \/>\r\n<br \/>\r\nSu participaci\u00f3n en el Programa es \u00fanicamente para publicitar legalmente nuestro sitio web para recibir una comisi\u00f3n sobre las afiliaciones y productos adquiridos por las personas referidas a EasyProfitTrading por su propio sitio web o referencias personales.<br \/>\r\n<br \/>\r\nAl inscribirte en el Programa de Afiliaci\u00f3n de EasyProfitTrading (Programa), indicas que aceptas este Acuerdo y sus t\u00e9rminos y condiciones.<br \/>\r\n<br \/>\r\n1. aprobaci\u00f3n o denegaci\u00f3n de la solicitud<br \/>\r\nNos reservamos el derecho a aprobar o rechazar CUALQUIER Solicitud de Programa de Afiliaci\u00f3n a nuestra entera y absoluta discreci\u00f3n. Usted no tendr\u00e1 ning\u00fan recurso legal contra nosotros por el rechazo de su Solicitud de Programa de Afiliaci\u00f3n.<br \/>\r\n<br \/>\r\n2. comisiones<br \/>\r\nLas comisiones se pagar\u00e1n una vez al mes. Para que un afiliado reciba una comisi\u00f3n, la cuenta referida debe permanecer activa durante un m\u00ednimo de 37 d\u00edas.<br \/>\r\n<br \/>\r\nNo puedes recomendarte a ti mismo y no recibir\u00e1s comisi\u00f3n por tus propias cuentas. Tambi\u00e9n hay un l\u00edmite de una comisi\u00f3n por recomendaci\u00f3n. Si alguien hace clic en el enlace de su sitio web y solicita varias cuentas, s\u00f3lo recibir\u00e1 una comisi\u00f3n por el primer pedido.<br \/>\r\n<br \/>\r\nS\u00f3lo se enviar\u00e1n pagos por transacciones que se hayan completado con \u00e9xito. Las transacciones que den lugar a devoluciones o reembolsos no se abonar\u00e1n.<br \/>\r\n<br \/>\r\n3. terminaci\u00f3n<br \/>\r\nSu solicitud de afiliaci\u00f3n y su estatus en el Programa pueden ser suspendidos o cancelados por cualquiera de las siguientes razones:<br \/>\r\n<br \/>\r\nAnuncios inapropiados (afirmaciones falsas, hiperv\u00ednculos enga\u00f1osos, etc.).<br \/>\r\nSpamming (correo electr\u00f3nico masivo, publicaci\u00f3n masiva en grupos de noticias, etc.).<br \/>\r\nPublicidad en sitios que contengan o promuevan actividades ilegales.<br \/>\r\nNo revelar la relaci\u00f3n de afiliaci\u00f3n en el caso de cualquier promoci\u00f3n que pueda calificarse de promoci\u00f3n seg\u00fan las directrices y reglamentos vigentes de la Comisi\u00f3n Federal de Comercio o cualquier ley estatal aplicable.<br \/>\r\nViolaci\u00f3n de los derechos de propiedad intelectual. EasyProfitTrading se reserva el derecho de exigir acuerdos de licencia a aquellos que empleen marcas registradas de EasyProfitTrading con el fin de proteger nuestros derechos de propiedad intelectual.<br \/>\r\nOfrecer reembolsos, cupones u otra forma de devoluci\u00f3n prometida de su comisi\u00f3n de afiliado como incentivo. Sin embargo, es aceptable a\u00f1adir bonificaciones o agrupar otros productos con EasyProfitTrading.<br \/>\r\nAuto-referencias, transacciones fraudulentas, sospecha de fraude de afiliaci\u00f3n.<br \/>\r\nAdem\u00e1s de lo anterior, EasyProfitTrading se reserva el derecho de cancelar cualquier cuenta de Afiliado en cualquier momento, por cualquier violaci\u00f3n de este Acuerdo o sin raz\u00f3n.<br \/>\r\n<br \/>\r\n4. enlaces de afiliados<br \/>\r\nPuede utilizar enlaces gr\u00e1ficos y de texto tanto en su sitio web como en sus mensajes de correo electr\u00f3nico. Tambi\u00e9n puede anunciar el sitio EasyProfitTrading en anuncios clasificados en l\u00ednea y fuera de l\u00ednea, revistas y peri\u00f3dicos.<br \/>\r\n<br \/>\r\nPuede utilizar los gr\u00e1ficos y textos proporcionados por nosotros, o puede crear los suyos propios siempre que se consideren apropiados de acuerdo con las condiciones y no infrinjan lo dispuesto en la condici\u00f3n 3.<br \/>\r\n<br \/>\r\n5. sitios de cupones y ofertas<br \/>\r\nEasyProfitTrading ofrece ocasionalmente cupones a afiliados seleccionados y a nuestros suscriptores del bolet\u00edn de noticias. Si no est\u00e1s pre-aprobado \/ asignado a un cup\u00f3n de marca, entonces no se te permite promocionar el cup\u00f3n. A continuaci\u00f3n se presentan los t\u00e9rminos que se aplican a cualquier afiliado que est\u00e1 considerando la promoci\u00f3n de nuestros productos en relaci\u00f3n con una oferta o cup\u00f3n:<br \/>\r\n<br \/>\r\nLos afiliados no podr\u00e1n utilizar texto enga\u00f1oso en los enlaces, botones o im\u00e1genes de afiliaci\u00f3n para dar a entender que algo distinto de las ofertas actualmente autorizadas se dirige al afiliado concreto.<br \/>\r\nLos afiliados no pueden pujar por Cupones EasyProfitTrading, Descuentos EasyProfitTrading u otras frases que impliquen que hay cupones disponibles.<br \/>\r\nLos afiliados no pueden generar pop-ups, pop-unders, iframes, frames o cualquier otra acci\u00f3n vista o no vista que establezca cookies de afiliaci\u00f3n a menos que el usuario haya expresado un inter\u00e9s claro y expl\u00edcito en activar un ahorro espec\u00edfico haciendo clic en un enlace, bot\u00f3n o imagen claramente marcados para ese cup\u00f3n u oferta en particular. Su enlace debe enviar al visitante al sitio del comerciante.<br \/>\r\nEl usuario debe poder ver la informaci\u00f3n y los detalles del cup\u00f3n\/de la oferta\/del ahorro antes de que se instale una cookie de afiliado (es decir, NO se permite \"haga clic aqu\u00ed para ver los cupones y abrir una ventana al sitio del comerciante\").<br \/>\r\nLos sitios web de afiliados no podr\u00e1n incluir el texto \"Haga clic para (o para ver) una oferta\/cup\u00f3n\" o cualquier otra variante, cuando no haya cupones u ofertas disponibles y el clic abra el sitio web del comerciante o instale una cookie. Los afiliados que incluyan este tipo de texto en la p\u00e1gina de destino del comerciante ser\u00e1n eliminados inmediatamente del programa.<br \/>\r\n6. pol\u00edtica de pago por clic (PPC)<br \/>\r\nNO se permiten las pujas PPC sin autorizaci\u00f3n previa por escrito.<br \/>\r\n<br \/>\r\n7. responsabilidad<br \/>\r\nEasyProfitTrading no ser\u00e1 responsable de da\u00f1os indirectos o accidentales (p\u00e9rdida de ingresos, comisiones) debidos a fallos en el seguimiento de afiliados, p\u00e9rdida de archivos de bases de datos, o cualquier resultado de intentos de da\u00f1o al Programa y\/o a nuestro(s) sitio(s) web.<br \/>\r\n<br \/>\r\nNo ofrecemos ninguna garant\u00eda expresa o impl\u00edcita con respecto al Programa y\/o las afiliaciones o productos vendidos por EasyProfitTrading. No hacemos ninguna afirmaci\u00f3n de que el funcionamiento del Programa y\/o nuestro(s) sitio(s) web estar\u00e1(n) libre(s) de errores y no seremos responsables de ninguna interrupci\u00f3n o error.<br \/>\r\n<br \/>\r\n8 Duraci\u00f3n del Acuerdo<br \/>\r\nLa vigencia del presente Acuerdo comienza en el momento de su aceptaci\u00f3n en el Programa y finalizar\u00e1 cuando se cancele su cuenta de afiliado.<br \/>\r\n<br \/>\r\nLos t\u00e9rminos y condiciones de este acuerdo pueden ser modificados por nosotros en cualquier momento. Si alguna modificaci\u00f3n de los t\u00e9rminos y condiciones de este acuerdo le resulta inaceptable, su \u00fanica opci\u00f3n es cancelar su cuenta de afiliado. Su participaci\u00f3n continuada en el Programa constituir\u00e1 su aceptaci\u00f3n de cualquier cambio.<br \/>\r\n<br \/>\r\n9 Indemnizaci\u00f3n<br \/>\r\nEl Afiliado indemnizar\u00e1 y mantendr\u00e1 indemne a EasyProfitTrading y a sus empresas afiliadas y subsidiarias, funcionarios, directores, empleados, licenciatarios, sucesores y cesionarios, incluidos aquellos con licencia o autorizados por EasyProfitTrading para transmitir y distribuir materiales, de cualquier y toda responsabilidad, da\u00f1os, multas, juicios, reclamaciones, costes, p\u00e9rdidas y gastos (incluyendo honorarios y costes legales razonables) que surjan de o est\u00e9n relacionados con cualquiera y todas las reclamaciones sufridas en relaci\u00f3n con este Acuerdo debido a la negligencia, tergiversaci\u00f3n, falta de divulgaci\u00f3n o mala conducta intencionada del Afiliado.<br \/>\r\n<br \/>\r\n10 Ley aplicable, jurisdicci\u00f3n y honorarios del abogado<br \/>\r\nEl presente Acuerdo se regir\u00e1 e interpretar\u00e1 de conformidad con los Emiratos \u00c1rabes Unidos. Cualquier disputa que surja o est\u00e9 relacionada de alguna manera con este Acuerdo se resolver\u00e1 exclusivamente en los tribunales estatales ubicados en Dubai.<br \/>\r\n<br \/>\r\nEn caso de litigio para hacer cumplir cualquier disposici\u00f3n del presente Acuerdo, la parte vencedora tendr\u00e1 derecho a recuperar de la otra parte sus costes y honorarios, incluidos los honorarios razonables de abogados.<br \/>\r\n<br \/>\r\n11. firma electr\u00f3nica efectiva<br \/>\r\nEl Acuerdo es un contrato electr\u00f3nico que establece los t\u00e9rminos legalmente vinculantes de su participaci\u00f3n en el programa de afiliados EasyProfitTrading. Usted indica su aceptaci\u00f3n de este Acuerdo y de todos los t\u00e9rminos y condiciones contenidos o a los que se hace referencia en este Acuerdo completando el proceso de solicitud de EasyProfitTrading. Esta acci\u00f3n crea una firma electr\u00f3nica que tiene la misma fuerza legal y efecto que una firma manuscrita.<\/div>\n        <\/div>\n      <\/div>\n    \n      <div class=\"esaf-form-row\">\n    <label for=\"bitget_id\">Bitget ID *<\/label>\n    <input type=\"text\" name=\"bitget_id\" id=\"bitget_id\" value=\"\" required \/>\n  <\/div>\n  \n    <label for=\"wafp_honeypot\" class=\"esaf-visually-hidden\">El campo debe estar vac\u00edo<\/label>\n    <input type=\"text\" name=\"wafp_honeypot\" id=\"wafp_honeypot\" class=\"esaf-visually-hidden\" autocomplete=\"new-password\" \/>\n\n    <div class=\"esaf-form-button-row\">\n      <button class=\"esaf-submit\">Inscribirse<\/button>\n      <img decoding=\"async\" src=\"https:\/\/easyprofittrading.com\/wp-content\/plugins\/easy-affiliate\/images\/loading.gif\" class=\"esaf-loading-gif esaf-hidden\" alt=\"Loading...\" \/>\n      <span class=\"esaf-form-has-errors\">Por favor, corrija los errores anteriores<\/span>\n    <\/div>\n\n  <input type=\"hidden\" name=\"trp-form-language\" value=\"es\"\/><\/form>\n\n<\/div>","protected":false},"excerpt":{"rendered":"<p>\u00a0 First Name* Required Last Name* Required Username* Required Email* Required and must be a valid email address Create a Password* Required Password Confirmation* Required and must match password I agree to the Affiliate Sign-up Agreement* As an authorized affiliate (Affiliate) of GERRYPROFITCAPITAL MANAGEMENT &#8211; FZCO (EasyProfitTrading), you agree to abide by the terms and [&hellip;]<\/p>\n","protected":false},"author":12,"featured_media":0,"parent":0,"menu_order":0,"comment_status":"closed","ping_status":"closed","template":"","meta":{"_acf_changed":false,"footnotes":""},"class_list":["post-2115","page","type-page","status-publish","hentry"],"acf":[],"aioseo_notices":[],"_links":{"self":[{"href":"https:\/\/easyprofittrading.com\/es\/wp-json\/wp\/v2\/pages\/2115","targetHints":{"allow":["GET"]}}],"collection":[{"href":"https:\/\/easyprofittrading.com\/es\/wp-json\/wp\/v2\/pages"}],"about":[{"href":"https:\/\/easyprofittrading.com\/es\/wp-json\/wp\/v2\/types\/page"}],"author":[{"embeddable":true,"href":"https:\/\/easyprofittrading.com\/es\/wp-json\/wp\/v2\/users\/12"}],"replies":[{"embeddable":true,"href":"https:\/\/easyprofittrading.com\/es\/wp-json\/wp\/v2\/comments?post=2115"}],"version-history":[{"count":25,"href":"https:\/\/easyprofittrading.com\/es\/wp-json\/wp\/v2\/pages\/2115\/revisions"}],"predecessor-version":[{"id":2727,"href":"https:\/\/easyprofittrading.com\/es\/wp-json\/wp\/v2\/pages\/2115\/revisions\/2727"}],"wp:attachment":[{"href":"https:\/\/easyprofittrading.com\/es\/wp-json\/wp\/v2\/media?parent=2115"}],"curies":[{"name":"wp","href":"https:\/\/api.w.org\/{rel}","templated":true}]}}